{"id":919,"date":"2026-01-19T08:10:42","date_gmt":"2026-01-19T15:10:42","guid":{"rendered":"https:\/\/casasrim.com\/?page_id=919"},"modified":"2026-01-19T08:21:34","modified_gmt":"2026-01-19T15:21:34","slug":"reporte-inmobiliario","status":"publish","type":"page","link":"https:\/\/casasrim.com\/en\/reporte-inmobiliario\/","title":{"rendered":"Real Estate Report"},"content":{"rendered":"<div data-elementor-type=\"wp-page\" data-elementor-id=\"919\" class=\"elementor elementor-919\" data-elementor-post-type=\"page\">\n\t\t\t\t<div class=\"elementor-element elementor-element-5294ca5 e-flex e-con-boxed e-con e-parent\" data-id=\"5294ca5\" data-element_type=\"container\" data-e-type=\"container\">\n\t\t\t\t\t<div class=\"e-con-inner\">\n\t\t\t\t<div class=\"elementor-element elementor-element-a6bab41 elementor-widget-divider--view-line elementor-widget elementor-widget-divider\" data-id=\"a6bab41\" data-element_type=\"widget\" data-e-type=\"widget\" data-widget_type=\"divider.default\">\n\t\t\t\t\t\t\t<div class=\"elementor-divider\">\n\t\t\t<span class=\"elementor-divider-separator\">\n\t\t\t\t\t\t<\/span>\n\t\t<\/div>\n\t\t\t\t\t\t<\/div>\n\t\t\t\t\t<\/div>\n\t\t\t\t<\/div>\n\t\t<div class=\"elementor-element elementor-element-017758c e-flex e-con-boxed e-con e-parent\" data-id=\"017758c\" data-element_type=\"container\" data-e-type=\"container\">\n\t\t\t\t\t<div class=\"e-con-inner\">\n\t\t\t\t<div class=\"elementor-element elementor-element-6e49759 elementor-grid-3 elementor-grid-tablet-2 elementor-grid-mobile-1 elementor-posts--thumbnail-top elementor-card-shadow-yes elementor-posts__hover-gradient elementor-widget elementor-widget-posts\" data-id=\"6e49759\" data-element_type=\"widget\" data-e-type=\"widget\" data-settings=\"{&quot;pagination_type&quot;:&quot;numbers&quot;,&quot;cards_columns&quot;:&quot;3&quot;,&quot;cards_columns_tablet&quot;:&quot;2&quot;,&quot;cards_columns_mobile&quot;:&quot;1&quot;,&quot;cards_row_gap&quot;:{&quot;unit&quot;:&quot;px&quot;,&quot;size&quot;:35,&quot;sizes&quot;:[]},&quot;cards_row_gap_tablet&quot;:{&quot;unit&quot;:&quot;px&quot;,&quot;size&quot;:&quot;&quot;,&quot;sizes&quot;:[]},&quot;cards_row_gap_mobile&quot;:{&quot;unit&quot;:&quot;px&quot;,&quot;size&quot;:&quot;&quot;,&quot;sizes&quot;:[]}}\" data-widget_type=\"posts.cards\">\n\t\t\t\t<div class=\"elementor-widget-container\">\n\t\t\t\t\t\t\t<div class=\"elementor-posts-container elementor-posts elementor-posts--skin-cards elementor-grid\" role=\"list\">\n\t\t\t\t<article class=\"elementor-post elementor-grid-item post-1035 post type-post status-publish format-standard has-post-thumbnail hentry category-uncategorized\" role=\"listitem\">\n\t\t\t<div class=\"elementor-post__card\">\n\t\t\t\t<a class=\"elementor-post__thumbnail__link\" href=\"https:\/\/casasrim.com\/en\/plusvalia-inmobiliaria-en-la-paz-baja-california-sur-5-claves-financieras-para-2026\/\" tabindex=\"-1\"><div class=\"elementor-post__thumbnail\"><img decoding=\"async\" width=\"300\" height=\"164\" src=\"https:\/\/casasrim.com\/wp-content\/uploads\/2026\/03\/23-03-26-2-300x164.png\" class=\"attachment-medium size-medium wp-image-1036\" alt=\"\" srcset=\"https:\/\/casasrim.com\/wp-content\/uploads\/2026\/03\/23-03-26-2-300x164.png 300w, https:\/\/casasrim.com\/wp-content\/uploads\/2026\/03\/23-03-26-2-1024x559.png 1024w, https:\/\/casasrim.com\/wp-content\/uploads\/2026\/03\/23-03-26-2-768x419.png 768w, https:\/\/casasrim.com\/wp-content\/uploads\/2026\/03\/23-03-26-2-18x10.png 18w, https:\/\/casasrim.com\/wp-content\/uploads\/2026\/03\/23-03-26-2.png 1056w\" sizes=\"(max-width: 300px) 100vw, 300px\" \/><\/div><\/a>\n\t\t\t\t<div class=\"elementor-post__badge\">Uncategorized<\/div>\n\t\t\t\t<div class=\"elementor-post__text\">\n\t\t\t\t<h3 class=\"elementor-post__title\">\n\t\t\t<a href=\"https:\/\/casasrim.com\/en\/plusvalia-inmobiliaria-en-la-paz-baja-california-sur-5-claves-financieras-para-2026\/\">\n\t\t\t\tReal estate appreciation in La Paz, Baja California Sur: 5 Key Financial Factors for 2026\t\t\t<\/a>\n\t\t<\/h3>\n\t\t\t\t<div class=\"elementor-post__excerpt\">\n\t\t\t<p>Real estate appreciation in La Paz, Baja California Sur, has become one of the most attractive and secure financial indicators in all of Mexico.<\/p>\n\t\t<\/div>\n\t\t\n\t\t<a class=\"elementor-post__read-more\" href=\"https:\/\/casasrim.com\/en\/plusvalia-inmobiliaria-en-la-paz-baja-california-sur-5-claves-financieras-para-2026\/\" aria-label=\"Read more about Plusval\u00eda inmobiliaria en La Paz Baja California Sur: 5 Claves Financieras para 2026\" tabindex=\"-1\">\n\t\t\tRead More \u00bb\t\t<\/a>\n\n\t\t\t\t<\/div>\n\t\t\t\t<div class=\"elementor-post__meta-data\">\n\t\t\t\t\t<span class=\"elementor-post-date\">\n\t\t\tMarch 23, 2026\t\t<\/span>\n\t\t\t\t<span class=\"elementor-post-avatar\">\n\t\t\tNo Comments\t\t<\/span>\n\t\t\t\t<\/div>\n\t\t\t\t\t<\/div>\n\t\t<\/article>\n\t\t\t\t<article class=\"elementor-post elementor-grid-item post-1032 post type-post status-publish format-standard has-post-thumbnail hentry category-inversion-inmobiliaria\" role=\"listitem\">\n\t\t\t<div class=\"elementor-post__card\">\n\t\t\t\t<a class=\"elementor-post__thumbnail__link\" href=\"https:\/\/casasrim.com\/en\/estilo-de-vida-lujo-la-paz-baja-california-sur\/\" tabindex=\"-1\"><div class=\"elementor-post__thumbnail\"><img fetchpriority=\"high\" decoding=\"async\" width=\"300\" height=\"200\" src=\"https:\/\/casasrim.com\/wp-content\/uploads\/2026\/03\/23-03-26-300x200.png\" class=\"attachment-medium size-medium wp-image-1033\" alt=\"\" srcset=\"https:\/\/casasrim.com\/wp-content\/uploads\/2026\/03\/23-03-26-300x200.png 300w, https:\/\/casasrim.com\/wp-content\/uploads\/2026\/03\/23-03-26-18x12.png 18w, https:\/\/casasrim.com\/wp-content\/uploads\/2026\/03\/23-03-26.png 768w\" sizes=\"(max-width: 300px) 100vw, 300px\" \/><\/div><\/a>\n\t\t\t\t<div class=\"elementor-post__badge\">Real Estate Investment<\/div>\n\t\t\t\t<div class=\"elementor-post__text\">\n\t\t\t\t<h3 class=\"elementor-post__title\">\n\t\t\t<a href=\"https:\/\/casasrim.com\/en\/estilo-de-vida-lujo-la-paz-baja-california-sur\/\">\n\t\t\t\t7 Reasons to Invest in Real Estate in La Paz, Baja California Sur and Elevate Your Lifestyle\t\t\t<\/a>\n\t\t<\/h3>\n\t\t\t\t<div class=\"elementor-post__excerpt\">\n\t\t\t<p>Investing in real estate in La Paz, Baja California Sur has become the smartest move for those who are not just looking for a property, but<\/p>\n\t\t<\/div>\n\t\t\n\t\t<a class=\"elementor-post__read-more\" href=\"https:\/\/casasrim.com\/en\/estilo-de-vida-lujo-la-paz-baja-california-sur\/\" aria-label=\"Read more about 7 Razones para invertir en Bienes ra\u00edces en La Paz Baja California Sur y elevar tu estilo de vida\" tabindex=\"-1\">\n\t\t\tRead More \u00bb\t\t<\/a>\n\n\t\t\t\t<\/div>\n\t\t\t\t<div class=\"elementor-post__meta-data\">\n\t\t\t\t\t<span class=\"elementor-post-date\">\n\t\t\tMarch 23, 2026\t\t<\/span>\n\t\t\t\t<span class=\"elementor-post-avatar\">\n\t\t\tNo Comments\t\t<\/span>\n\t\t\t\t<\/div>\n\t\t\t\t\t<\/div>\n\t\t<\/article>\n\t\t\t\t<article class=\"elementor-post elementor-grid-item post-1010 post type-post status-publish format-standard has-post-thumbnail hentry category-inversion-inmobiliaria\" role=\"listitem\">\n\t\t\t<div class=\"elementor-post__card\">\n\t\t\t\t<a class=\"elementor-post__thumbnail__link\" href=\"https:\/\/casasrim.com\/en\/credito-hipotecario-casas-la-paz-guia\/\" tabindex=\"-1\"><div class=\"elementor-post__thumbnail\"><img decoding=\"async\" width=\"300\" height=\"200\" src=\"https:\/\/casasrim.com\/wp-content\/uploads\/2026\/03\/8-300x200.png\" class=\"attachment-medium size-medium wp-image-1011\" alt=\"\" srcset=\"https:\/\/casasrim.com\/wp-content\/uploads\/2026\/03\/8-300x200.png 300w, https:\/\/casasrim.com\/wp-content\/uploads\/2026\/03\/8-18x12.png 18w, https:\/\/casasrim.com\/wp-content\/uploads\/2026\/03\/8.png 768w\" sizes=\"(max-width: 300px) 100vw, 300px\" \/><\/div><\/a>\n\t\t\t\t<div class=\"elementor-post__badge\">Real Estate Investment<\/div>\n\t\t\t\t<div class=\"elementor-post__text\">\n\t\t\t\t<h3 class=\"elementor-post__title\">\n\t\t\t<a href=\"https:\/\/casasrim.com\/en\/credito-hipotecario-casas-la-paz-guia\/\">\n\t\t\t\tMaster Guide: Mortgage Loans for Homes in La Paz, BCS\t\t\t<\/a>\n\t\t<\/h3>\n\t\t\t\t<div class=\"elementor-post__excerpt\">\n\t\t\t<p>Financial intelligence is the cornerstone of great wealth. Contrary to popular belief, using a mortgage to buy a house in La Paz is not<\/p>\n\t\t<\/div>\n\t\t\n\t\t<a class=\"elementor-post__read-more\" href=\"https:\/\/casasrim.com\/en\/credito-hipotecario-casas-la-paz-guia\/\" aria-label=\"Read more about Gu\u00eda Maestra: Cr\u00e9dito Hipotecario para Casas en La Paz BCS\" tabindex=\"-1\">\n\t\t\tRead More \u00bb\t\t<\/a>\n\n\t\t\t\t<\/div>\n\t\t\t\t<div class=\"elementor-post__meta-data\">\n\t\t\t\t\t<span class=\"elementor-post-date\">\n\t\t\tMarch 2, 2026\t\t<\/span>\n\t\t\t\t<span class=\"elementor-post-avatar\">\n\t\t\tNo Comments\t\t<\/span>\n\t\t\t\t<\/div>\n\t\t\t\t\t<\/div>\n\t\t<\/article>\n\t\t\t\t<article class=\"elementor-post elementor-grid-item post-1007 post type-post status-publish format-standard has-post-thumbnail hentry category-inversion-inmobiliaria\" role=\"listitem\">\n\t\t\t<div class=\"elementor-post__card\">\n\t\t\t\t<a class=\"elementor-post__thumbnail__link\" href=\"https:\/\/casasrim.com\/en\/vivir-en-la-paz-bcs-lifestyle-lujo\/\" tabindex=\"-1\"><div class=\"elementor-post__thumbnail\"><img loading=\"lazy\" decoding=\"async\" width=\"300\" height=\"200\" src=\"https:\/\/casasrim.com\/wp-content\/uploads\/2026\/03\/7-300x200.png\" class=\"attachment-medium size-medium wp-image-1008\" alt=\"\" srcset=\"https:\/\/casasrim.com\/wp-content\/uploads\/2026\/03\/7-300x200.png 300w, https:\/\/casasrim.com\/wp-content\/uploads\/2026\/03\/7-18x12.png 18w, https:\/\/casasrim.com\/wp-content\/uploads\/2026\/03\/7.png 768w\" sizes=\"(max-width: 300px) 100vw, 300px\" \/><\/div><\/a>\n\t\t\t\t<div class=\"elementor-post__badge\">Real Estate Investment<\/div>\n\t\t\t\t<div class=\"elementor-post__text\">\n\t\t\t\t<h3 class=\"elementor-post__title\">\n\t\t\t<a href=\"https:\/\/casasrim.com\/en\/vivir-en-la-paz-bcs-lifestyle-lujo\/\">\n\t\t\t\tSEO Title: Living in La Paz BCS: The Luxury Lifestyle You Deserve\t\t\t<\/a>\n\t\t<\/h3>\n\t\t\t\t<div class=\"elementor-post__excerpt\">\n\t\t\t<p>What does success truly mean if you don&#039;t have the right environment to enjoy it? Living in La Paz, Baja California Sur, is the answer for those who have reached the top.<\/p>\n\t\t<\/div>\n\t\t\n\t\t<a class=\"elementor-post__read-more\" href=\"https:\/\/casasrim.com\/en\/vivir-en-la-paz-bcs-lifestyle-lujo\/\" aria-label=\"Read more about T\u00edtulo SEO: Vivir en La Paz BCS: El Estilo de Vida de Lujo que Mereces\" tabindex=\"-1\">\n\t\t\tRead More \u00bb\t\t<\/a>\n\n\t\t\t\t<\/div>\n\t\t\t\t<div class=\"elementor-post__meta-data\">\n\t\t\t\t\t<span class=\"elementor-post-date\">\n\t\t\tMarch 2, 2026\t\t<\/span>\n\t\t\t\t<span class=\"elementor-post-avatar\">\n\t\t\tNo Comments\t\t<\/span>\n\t\t\t\t<\/div>\n\t\t\t\t\t<\/div>\n\t\t<\/article>\n\t\t\t\t<article class=\"elementor-post elementor-grid-item post-980 post type-post status-publish format-standard has-post-thumbnail hentry category-inversion-inmobiliaria\" role=\"listitem\">\n\t\t\t<div class=\"elementor-post__card\">\n\t\t\t\t<a class=\"elementor-post__thumbnail__link\" href=\"https:\/\/casasrim.com\/en\/guia-vivir-en-la-paz-baja-california-sur-lifestyle\/\" tabindex=\"-1\"><div class=\"elementor-post__thumbnail\"><img loading=\"lazy\" decoding=\"async\" width=\"300\" height=\"200\" src=\"https:\/\/casasrim.com\/wp-content\/uploads\/2026\/02\/Blog-16-feb-2026-08_57_58-a.m-300x200.png\" class=\"attachment-medium size-medium wp-image-981\" alt=\"\" srcset=\"https:\/\/casasrim.com\/wp-content\/uploads\/2026\/02\/Blog-16-feb-2026-08_57_58-a.m-300x200.png 300w, https:\/\/casasrim.com\/wp-content\/uploads\/2026\/02\/Blog-16-feb-2026-08_57_58-a.m-18x12.png 18w, https:\/\/casasrim.com\/wp-content\/uploads\/2026\/02\/Blog-16-feb-2026-08_57_58-a.m.png 768w\" sizes=\"(max-width: 300px) 100vw, 300px\" \/><\/div><\/a>\n\t\t\t\t<div class=\"elementor-post__badge\">Real Estate Investment<\/div>\n\t\t\t\t<div class=\"elementor-post__text\">\n\t\t\t\t<h3 class=\"elementor-post__title\">\n\t\t\t<a href=\"https:\/\/casasrim.com\/en\/guia-vivir-en-la-paz-baja-california-sur-lifestyle\/\">\n\t\t\t\tLiving in La Paz, Baja California Sur: The Definitive Guide to Purposeful Investment\t\t\t<\/a>\n\t\t<\/h3>\n\t\t\t\t<div class=\"elementor-post__excerpt\">\n\t\t\t<p>Living in La Paz, Baja California Sur, has ceased to be a retirement dream and has become a smart life strategy for entrepreneurs and families.<\/p>\n\t\t<\/div>\n\t\t\n\t\t<a class=\"elementor-post__read-more\" href=\"https:\/\/casasrim.com\/en\/guia-vivir-en-la-paz-baja-california-sur-lifestyle\/\" aria-label=\"Read more about Vivir en La Paz Baja California Sur: La Gu\u00eda Definitiva para una Inversi\u00f3n con Prop\u00f3sito\" tabindex=\"-1\">\n\t\t\tRead More \u00bb\t\t<\/a>\n\n\t\t\t\t<\/div>\n\t\t\t\t<div class=\"elementor-post__meta-data\">\n\t\t\t\t\t<span class=\"elementor-post-date\">\n\t\t\tFebruary 16, 2026\t\t<\/span>\n\t\t\t\t<span class=\"elementor-post-avatar\">\n\t\t\tNo Comments\t\t<\/span>\n\t\t\t\t<\/div>\n\t\t\t\t\t<\/div>\n\t\t<\/article>\n\t\t\t\t<article class=\"elementor-post elementor-grid-item post-977 post type-post status-publish format-standard has-post-thumbnail hentry category-inversion-inmobiliaria\" role=\"listitem\">\n\t\t\t<div class=\"elementor-post__card\">\n\t\t\t\t<a class=\"elementor-post__thumbnail__link\" href=\"https:\/\/casasrim.com\/en\/estilo-de-vida-la-paz-baja-california-sur-inversion\/\" tabindex=\"-1\"><div class=\"elementor-post__thumbnail\"><img loading=\"lazy\" decoding=\"async\" width=\"200\" height=\"300\" src=\"https:\/\/casasrim.com\/wp-content\/uploads\/2026\/02\/Blog-16-feb-2026-08_35_40-a.m-200x300.png\" class=\"attachment-medium size-medium wp-image-978\" alt=\"\" srcset=\"https:\/\/casasrim.com\/wp-content\/uploads\/2026\/02\/Blog-16-feb-2026-08_35_40-a.m-200x300.png 200w, https:\/\/casasrim.com\/wp-content\/uploads\/2026\/02\/Blog-16-feb-2026-08_35_40-a.m-8x12.png 8w, https:\/\/casasrim.com\/wp-content\/uploads\/2026\/02\/Blog-16-feb-2026-08_35_40-a.m.png 512w\" sizes=\"(max-width: 200px) 100vw, 200px\" \/><\/div><\/a>\n\t\t\t\t<div class=\"elementor-post__badge\">Real Estate Investment<\/div>\n\t\t\t\t<div class=\"elementor-post__text\">\n\t\t\t\t<h3 class=\"elementor-post__title\">\n\t\t\t<a href=\"https:\/\/casasrim.com\/en\/estilo-de-vida-la-paz-baja-california-sur-inversion\/\">\n\t\t\t\tLifestyle in La Paz, Baja California Sur: Where luxury meets serenity\t\t\t<\/a>\n\t\t<\/h3>\n\t\t\t\t<div class=\"elementor-post__excerpt\">\n\t\t\t<p>Lifestyle in La Paz, Baja California Sur is a phrase that, for many, evokes images of fiery sunsets over the Malec\u00f3n and the blue<\/p>\n\t\t<\/div>\n\t\t\n\t\t<a class=\"elementor-post__read-more\" href=\"https:\/\/casasrim.com\/en\/estilo-de-vida-la-paz-baja-california-sur-inversion\/\" aria-label=\"Read more about Estilo de vida en La Paz Baja California Sur: Donde el lujo se encuentra con la serenidad\" tabindex=\"-1\">\n\t\t\tRead More \u00bb\t\t<\/a>\n\n\t\t\t\t<\/div>\n\t\t\t\t<div class=\"elementor-post__meta-data\">\n\t\t\t\t\t<span class=\"elementor-post-date\">\n\t\t\tFebruary 16, 2026\t\t<\/span>\n\t\t\t\t<span class=\"elementor-post-avatar\">\n\t\t\tNo Comments\t\t<\/span>\n\t\t\t\t<\/div>\n\t\t\t\t\t<\/div>\n\t\t<\/article>\n\t\t\t\t<article class=\"elementor-post elementor-grid-item post-938 post type-post status-publish format-standard has-post-thumbnail hentry category-inversion-inmobiliaria\" role=\"listitem\">\n\t\t\t<div class=\"elementor-post__card\">\n\t\t\t\t<a class=\"elementor-post__thumbnail__link\" href=\"https:\/\/casasrim.com\/en\/invertir-en-bienes-raices-la-paz-bcs-camellon-choyero\/\" tabindex=\"-1\"><div class=\"elementor-post__thumbnail\"><img loading=\"lazy\" decoding=\"async\" width=\"300\" height=\"147\" src=\"https:\/\/casasrim.com\/wp-content\/uploads\/2026\/02\/Camellon-Choyero-300x147.jpg\" class=\"attachment-medium size-medium wp-image-939\" alt=\"\" srcset=\"https:\/\/casasrim.com\/wp-content\/uploads\/2026\/02\/Camellon-Choyero-300x147.jpg 300w, https:\/\/casasrim.com\/wp-content\/uploads\/2026\/02\/Camellon-Choyero-1024x503.jpg 1024w, https:\/\/casasrim.com\/wp-content\/uploads\/2026\/02\/Camellon-Choyero-768x377.jpg 768w, https:\/\/casasrim.com\/wp-content\/uploads\/2026\/02\/Camellon-Choyero-1536x754.jpg 1536w, https:\/\/casasrim.com\/wp-content\/uploads\/2026\/02\/Camellon-Choyero-18x9.jpg 18w, https:\/\/casasrim.com\/wp-content\/uploads\/2026\/02\/Camellon-Choyero.jpg 1799w\" sizes=\"(max-width: 300px) 100vw, 300px\" \/><\/div><\/a>\n\t\t\t\t<div class=\"elementor-post__badge\">Real Estate Investment<\/div>\n\t\t\t\t<div class=\"elementor-post__text\">\n\t\t\t\t<h3 class=\"elementor-post__title\">\n\t\t\t<a href=\"https:\/\/casasrim.com\/en\/invertir-en-bienes-raices-la-paz-bcs-camellon-choyero\/\">\n\t\t\t\tInvesting in real estate in La Paz, BCS: How does the new Camell\u00f3n Choyero boost your property value?\t\t\t<\/a>\n\t\t<\/h3>\n\t\t\t\t<div class=\"elementor-post__excerpt\">\n\t\t\t<p>Investing in real estate in La Paz, Baja California Sur, has become a must-talk topic for those seeking not just a property, but a lifestyle.<\/p>\n\t\t<\/div>\n\t\t\n\t\t<a class=\"elementor-post__read-more\" href=\"https:\/\/casasrim.com\/en\/invertir-en-bienes-raices-la-paz-bcs-camellon-choyero\/\" aria-label=\"Read more about Invertir en bienes ra\u00edces La Paz BCS: \u00bfC\u00f3mo el nuevo Camell\u00f3n Choyero dispara tu plusval\u00eda?\" tabindex=\"-1\">\n\t\t\tRead More \u00bb\t\t<\/a>\n\n\t\t\t\t<\/div>\n\t\t\t\t<div class=\"elementor-post__meta-data\">\n\t\t\t\t\t<span class=\"elementor-post-date\">\n\t\t\tFebruary 3, 2026\t\t<\/span>\n\t\t\t\t<span class=\"elementor-post-avatar\">\n\t\t\tNo Comments\t\t<\/span>\n\t\t\t\t<\/div>\n\t\t\t\t\t<\/div>\n\t\t<\/article>\n\t\t\t\t<article class=\"elementor-post elementor-grid-item post-932 post type-post status-publish format-standard has-post-thumbnail hentry category-inversion-inmobiliaria\" role=\"listitem\">\n\t\t\t<div class=\"elementor-post__card\">\n\t\t\t\t<a class=\"elementor-post__thumbnail__link\" href=\"https:\/\/casasrim.com\/en\/invertir-en-la-paz-por-su-desarrollo-urbano-y-nuevo-malecon\/\" tabindex=\"-1\"><div class=\"elementor-post__thumbnail\"><img loading=\"lazy\" decoding=\"async\" width=\"200\" height=\"300\" src=\"https:\/\/casasrim.com\/wp-content\/uploads\/2026\/01\/Malecon-200x300.jpg\" class=\"attachment-medium size-medium wp-image-933\" alt=\"\" srcset=\"https:\/\/casasrim.com\/wp-content\/uploads\/2026\/01\/Malecon-200x300.jpg 200w, https:\/\/casasrim.com\/wp-content\/uploads\/2026\/01\/Malecon-8x12.jpg 8w, https:\/\/casasrim.com\/wp-content\/uploads\/2026\/01\/Malecon.jpg 512w\" sizes=\"(max-width: 200px) 100vw, 200px\" \/><\/div><\/a>\n\t\t\t\t<div class=\"elementor-post__badge\">Real Estate Investment<\/div>\n\t\t\t\t<div class=\"elementor-post__text\">\n\t\t\t\t<h3 class=\"elementor-post__title\">\n\t\t\t<a href=\"https:\/\/casasrim.com\/en\/invertir-en-la-paz-por-su-desarrollo-urbano-y-nuevo-malecon\/\">\n\t\t\t\tInvesting in La Paz for its urban development: The Impact of the New Malec\u00f3n\t\t\t<\/a>\n\t\t<\/h3>\n\t\t\t\t<div class=\"elementor-post__excerpt\">\n\t\t\t<p>Investing in La Paz for its urban development is undoubtedly the smartest financial decision you can make at the start of 2026. If you have<\/p>\n\t\t<\/div>\n\t\t\n\t\t<a class=\"elementor-post__read-more\" href=\"https:\/\/casasrim.com\/en\/invertir-en-la-paz-por-su-desarrollo-urbano-y-nuevo-malecon\/\" aria-label=\"Read more about Invertir en La Paz por su desarrollo urbano: El Impacto del Nuevo Malec\u00f3n\" tabindex=\"-1\">\n\t\t\tRead More \u00bb\t\t<\/a>\n\n\t\t\t\t<\/div>\n\t\t\t\t<div class=\"elementor-post__meta-data\">\n\t\t\t\t\t<span class=\"elementor-post-date\">\n\t\t\tJanuary 26, 2026\t\t<\/span>\n\t\t\t\t<span class=\"elementor-post-avatar\">\n\t\t\tNo Comments\t\t<\/span>\n\t\t\t\t<\/div>\n\t\t\t\t\t<\/div>\n\t\t<\/article>\n\t\t\t\t<\/div>\n\t\t\n\t\t\t\t<div class=\"e-load-more-anchor\" data-page=\"1\" data-max-page=\"2\" data-next-page=\"https:\/\/casasrim.com\/en\/wp-json\/wp\/v2\/pages\/919\/page\/2\/\"><\/div>\n\t\t\t\t<nav class=\"elementor-pagination\" aria-label=\"Pagination\">\n\t\t\t<span aria-current=\"page\" class=\"page-numbers current\"><span class=\"elementor-screen-only\">Page<\/span>1<\/span>\n<a class=\"page-numbers\" href=\"https:\/\/casasrim.com\/en\/wp-json\/wp\/v2\/pages\/919\/page\/2\/\"><span class=\"elementor-screen-only\">Page<\/span>2<\/a>\t\t<\/nav>\n\t\t\t\t\t\t<\/div>\n\t\t\t\t<\/div>\n\t\t\t\t\t<\/div>\n\t\t\t\t<\/div>\n\t\t\t\t<\/div>","protected":false},"excerpt":{"rendered":"","protected":false},"author":1,"featured_media":0,"parent":0,"menu_order":0,"comment_status":"closed","ping_status":"closed","template":"","meta":{"_acf_changed":false,"footnotes":""},"class_list":["post-919","page","type-page","status-publish","hentry"],"acf":[],"_links":{"self":[{"href":"https:\/\/casasrim.com\/en\/wp-json\/wp\/v2\/pages\/919","targetHints":{"allow":["GET"]}}],"collection":[{"href":"https:\/\/casasrim.com\/en\/wp-json\/wp\/v2\/pages"}],"about":[{"href":"https:\/\/casasrim.com\/en\/wp-json\/wp\/v2\/types\/page"}],"author":[{"embeddable":true,"href":"https:\/\/casasrim.com\/en\/wp-json\/wp\/v2\/users\/1"}],"replies":[{"embeddable":true,"href":"https:\/\/casasrim.com\/en\/wp-json\/wp\/v2\/comments?post=919"}],"version-history":[{"count":12,"href":"https:\/\/casasrim.com\/en\/wp-json\/wp\/v2\/pages\/919\/revisions"}],"predecessor-version":[{"id":931,"href":"https:\/\/casasrim.com\/en\/wp-json\/wp\/v2\/pages\/919\/revisions\/931"}],"wp:attachment":[{"href":"https:\/\/casasrim.com\/en\/wp-json\/wp\/v2\/media?parent=919"}],"curies":[{"name":"wp","href":"https:\/\/api.w.org\/{rel}","templated":true}]}}